{"id":180,"date":"2025-05-31T13:44:42","date_gmt":"2025-05-31T13:44:42","guid":{"rendered":"https:\/\/minicentralebiomasse.eu\/?page_id=180"},"modified":"2025-06-01T09:53:39","modified_gmt":"2025-06-01T09:53:39","slug":"offerte-contact","status":"publish","type":"page","link":"https:\/\/minicentralebiomasse.eu\/nl\/offerte-contact\/","title":{"rendered":"Contact &amp; Offerte"},"content":{"rendered":"\t\t<div data-elementor-type=\"wp-page\" data-elementor-id=\"180\" class=\"elementor elementor-180\" data-elementor-post-type=\"page\">\n\t\t\t\t<div class=\"elementor-element elementor-element-debc04d e-flex e-con-boxed e-con e-parent\" data-id=\"debc04d\" data-element_type=\"container\" data-e-type=\"container\" data-settings=\"{&quot;background_background&quot;:&quot;classic&quot;}\">\n\t\t\t\t\t<div class=\"e-con-inner\">\n\t\t<div class=\"elementor-element elementor-element-43bb35fb e-con-full e-flex e-con e-child\" data-id=\"43bb35fb\" data-element_type=\"container\" data-e-type=\"container\">\n\t\t<div class=\"elementor-element elementor-element-4af44812 e-flex e-con-boxed elementor-invisible e-con e-child\" data-id=\"4af44812\" data-element_type=\"container\" data-e-type=\"container\" data-settings=\"{&quot;background_background&quot;:&quot;classic&quot;,&quot;animation&quot;:&quot;fadeInUp&quot;}\">\n\t\t\t\t\t<div class=\"e-con-inner\">\n\t\t\t\t<div class=\"elementor-element elementor-element-cf6d124 elementor-widget elementor-widget-heading\" data-id=\"cf6d124\" data-element_type=\"widget\" data-e-type=\"widget\" data-widget_type=\"heading.default\">\n\t\t\t\t<div class=\"elementor-widget-container\">\n\t\t\t\t\t<h1 class=\"elementor-heading-title elementor-size-default\">Contact &amp; Devis<\/h1>\t\t\t\t<\/div>\n\t\t\t\t<\/div>\n\t\t\t\t\t<\/div>\n\t\t\t\t<\/div>\n\t\t\t\t<\/div>\n\t\t\t\t\t<\/div>\n\t\t\t\t<\/div>\n\t\t<div class=\"elementor-element elementor-element-6b9b407f e-flex e-con-boxed e-con e-parent\" data-id=\"6b9b407f\" data-element_type=\"container\" data-e-type=\"container\">\n\t\t\t\t\t<div class=\"e-con-inner\">\n\t\t<div class=\"elementor-element elementor-element-148ee5d0 e-con-full e-flex e-con e-child\" data-id=\"148ee5d0\" data-element_type=\"container\" data-e-type=\"container\" data-settings=\"{&quot;background_background&quot;:&quot;classic&quot;}\">\n\t\t<div class=\"elementor-element elementor-element-60e45d5 e-con-full e-flex elementor-invisible e-con e-child\" data-id=\"60e45d5\" data-element_type=\"container\" data-e-type=\"container\" data-settings=\"{&quot;animation&quot;:&quot;fadeInLeft&quot;}\">\n\t\t\t\t<div class=\"elementor-element elementor-element-4feb9f2b elementor-widget elementor-widget-heading\" data-id=\"4feb9f2b\" data-element_type=\"widget\" data-e-type=\"widget\" data-widget_type=\"heading.default\">\n\t\t\t\t<div class=\"elementor-widget-container\">\n\t\t\t\t\t<h2 class=\"elementor-heading-title elementor-size-default\">Discutons de votre projet de mini centrale biomasse<\/h2>\t\t\t\t<\/div>\n\t\t\t\t<\/div>\n\t\t\t\t<div class=\"elementor-element elementor-element-505b23fe elementor-widget elementor-widget-text-editor\" data-id=\"505b23fe\" data-element_type=\"widget\" data-e-type=\"widget\" data-widget_type=\"text-editor.default\">\n\t\t\t\t<div class=\"elementor-widget-container\">\n\t\t\t\t\t\t\t\t\t<p data-pm-slice=\"1 1 []\">Vous avez un projet, une question ou souhaitez obtenir un devis personnalis\u00e9 ? Notre \u00e9quipe est \u00e0 votre \u00e9coute pour vous accompagner dans chaque \u00e9tape : \u00e9tude de faisabilit\u00e9, financement, installation, optimisation.<\/p>\t\t\t\t\t\t\t\t<\/div>\n\t\t\t\t<\/div>\n\t\t\t\t<div class=\"elementor-element elementor-element-669e818b elementor-view-stacked elementor-position-inline-start elementor-mobile-position-inline-start elementor-shape-circle elementor-widget elementor-widget-icon-box\" data-id=\"669e818b\" data-element_type=\"widget\" data-e-type=\"widget\" data-widget_type=\"icon-box.default\">\n\t\t\t\t<div class=\"elementor-widget-container\">\n\t\t\t\t\t\t\t<div class=\"elementor-icon-box-wrapper\">\n\n\t\t\t\t\t\t<div class=\"elementor-icon-box-icon\">\n\t\t\t\t<span  class=\"elementor-icon\">\n\t\t\t\t<svg aria-hidden=\"true\" class=\"e-font-icon-svg e-fas-map-marker-alt\" viewBox=\"0 0 384 512\" xmlns=\"http:\/\/www.w3.org\/2000\/svg\"><path d=\"M172.268 501.67C26.97 291.031 0 269.413 0 192 0 85.961 85.961 0 192 0s192 85.961 192 192c0 77.413-26.97 99.031-172.268 309.67-9.535 13.774-29.93 13.773-39.464 0zM192 272c44.183 0 80-35.817 80-80s-35.817-80-80-80-80 35.817-80 80 35.817 80 80 80z\"><\/path><\/svg>\t\t\t\t<\/span>\n\t\t\t<\/div>\n\t\t\t\n\t\t\t\t\t\t<div class=\"elementor-icon-box-content\">\n\n\t\t\t\t\t\t\t\t\t<div class=\"elementor-icon-box-title\">\n\t\t\t\t\t\t<span  >\n\t\t\t\t\t\t\tAdresse\t\t\t\t\t\t<\/span>\n\t\t\t\t\t<\/div>\n\t\t\t\t\n\t\t\t\t\t\t\t\t\t<p class=\"elementor-icon-box-description\">\n\t\t\t\t\t\t229 rue Saint-Honor\u00e9<br \/>\n75001 Paris<br \/>\nFrance\t\t\t\t\t<\/p>\n\t\t\t\t\n\t\t\t<\/div>\n\t\t\t\n\t\t<\/div>\n\t\t\t\t\t\t<\/div>\n\t\t\t\t<\/div>\n\t\t\t\t<div class=\"elementor-element elementor-element-5c2c9f64 elementor-view-stacked elementor-position-inline-start elementor-mobile-position-inline-start elementor-shape-circle elementor-widget elementor-widget-icon-box\" data-id=\"5c2c9f64\" data-element_type=\"widget\" data-e-type=\"widget\" data-widget_type=\"icon-box.default\">\n\t\t\t\t<div class=\"elementor-widget-container\">\n\t\t\t\t\t\t\t<div class=\"elementor-icon-box-wrapper\">\n\n\t\t\t\t\t\t<div class=\"elementor-icon-box-icon\">\n\t\t\t\t<span  class=\"elementor-icon\">\n\t\t\t\t<svg aria-hidden=\"true\" class=\"e-font-icon-svg e-fas-envelope\" viewBox=\"0 0 512 512\" xmlns=\"http:\/\/www.w3.org\/2000\/svg\"><path d=\"M502.3 190.8c3.9-3.1 9.7-.2 9.7 4.7V400c0 26.5-21.5 48-48 48H48c-26.5 0-48-21.5-48-48V195.6c0-5 5.7-7.8 9.7-4.7 22.4 17.4 52.1 39.5 154.1 113.6 21.1 15.4 56.7 47.8 92.2 47.6 35.7.3 72-32.8 92.3-47.6 102-74.1 131.6-96.3 154-113.7zM256 320c23.2.4 56.6-29.2 73.4-41.4 132.7-96.3 142.8-104.7 173.4-128.7 5.8-4.5 9.2-11.5 9.2-18.9v-19c0-26.5-21.5-48-48-48H48C21.5 64 0 85.5 0 112v19c0 7.4 3.4 14.3 9.2 18.9 30.6 23.9 40.7 32.4 173.4 128.7 16.8 12.2 50.2 41.8 73.4 41.4z\"><\/path><\/svg>\t\t\t\t<\/span>\n\t\t\t<\/div>\n\t\t\t\n\t\t\t\t\t\t<div class=\"elementor-icon-box-content\">\n\n\t\t\t\t\t\t\t\t\t<div class=\"elementor-icon-box-title\">\n\t\t\t\t\t\t<span  >\n\t\t\t\t\t\t\tEmail\t\t\t\t\t\t<\/span>\n\t\t\t\t\t<\/div>\n\t\t\t\t\n\t\t\t\t\t\t\t\t\t<p class=\"elementor-icon-box-description\">\n\t\t\t\t\t\tcontact@minicentralebiomasse.eu\t\t\t\t\t<\/p>\n\t\t\t\t\n\t\t\t<\/div>\n\t\t\t\n\t\t<\/div>\n\t\t\t\t\t\t<\/div>\n\t\t\t\t<\/div>\n\t\t\t\t<\/div>\n\t\t<div class=\"elementor-element elementor-element-30f801ed e-con-full e-flex elementor-invisible e-con e-child\" data-id=\"30f801ed\" data-element_type=\"container\" data-e-type=\"container\" data-settings=\"{&quot;animation&quot;:&quot;fadeInRight&quot;}\">\n\t\t\t\t<div class=\"elementor-element elementor-element-65492468 elementor-widget elementor-widget-google_maps\" data-id=\"65492468\" data-element_type=\"widget\" data-e-type=\"widget\" data-widget_type=\"google_maps.default\">\n\t\t\t\t<div class=\"elementor-widget-container\">\n\t\t\t\t\t\t\t<div class=\"elementor-custom-embed\">\n\t\t\t<iframe loading=\"lazy\"\n\t\t\t\t\tsrc=\"https:\/\/maps.google.com\/maps?q=229%20rue%20Saint-Honor%C3%A9%2C%2075001%20Paris&#038;t=m&#038;z=12&#038;output=embed&#038;iwloc=near\"\n\t\t\t\t\ttitle=\"229 rue Saint-Honor\u00e9, 75001 Paris\"\n\t\t\t\t\taria-label=\"229 rue Saint-Honor\u00e9, 75001 Paris\"\n\t\t\t><\/iframe>\n\t\t<\/div>\n\t\t\t\t\t\t<\/div>\n\t\t\t\t<\/div>\n\t\t\t\t<\/div>\n\t\t\t\t<\/div>\n\t\t\t\t\t<\/div>\n\t\t\t\t<\/div>\n\t\t<div class=\"elementor-element elementor-element-270dbef9 e-flex e-con-boxed e-con e-parent\" data-id=\"270dbef9\" data-element_type=\"container\" data-e-type=\"container\" data-settings=\"{&quot;background_background&quot;:&quot;gradient&quot;}\">\n\t\t\t\t\t<div class=\"e-con-inner\">\n\t\t<div class=\"elementor-element elementor-element-9c786bb e-con-full e-flex elementor-invisible e-con e-child\" data-id=\"9c786bb\" data-element_type=\"container\" data-e-type=\"container\" data-settings=\"{&quot;animation&quot;:&quot;fadeInUp&quot;}\">\n\t\t\t\t<div class=\"elementor-element elementor-element-3cc31c5c elementor-widget elementor-widget-heading\" data-id=\"3cc31c5c\" data-element_type=\"widget\" data-e-type=\"widget\" data-widget_type=\"heading.default\">\n\t\t\t\t<div class=\"elementor-widget-container\">\n\t\t\t\t\t<h2 class=\"elementor-heading-title elementor-size-default\">Contactez-nous<\/h2>\t\t\t\t<\/div>\n\t\t\t\t<\/div>\n\t\t\t\t<div class=\"elementor-element elementor-element-4b77a894 elementor-widget elementor-widget-text-editor\" data-id=\"4b77a894\" data-element_type=\"widget\" data-e-type=\"widget\" data-widget_type=\"text-editor.default\">\n\t\t\t\t<div class=\"elementor-widget-container\">\n\t\t\t\t\t\t\t\t\t<p data-pm-slice=\"1 1 []\">Notre formulaire de contact est ouvert \u00e0 tous types de demandes. Remplissez simplement les champs ci-dessous et nous vous r\u00e9pondrons sous 48h.<\/p>\t\t\t\t\t\t\t\t<\/div>\n\t\t\t\t<\/div>\n\t\t\t\t<\/div>\n\t\t<div class=\"elementor-element elementor-element-36c897f0 e-con-full e-flex e-con e-child\" data-id=\"36c897f0\" data-element_type=\"container\" data-e-type=\"container\" data-settings=\"{&quot;background_background&quot;:&quot;classic&quot;}\">\n\t\t\t\t<div class=\"elementor-element elementor-element-127a4355 elementor-button-align-stretch elementor-widget elementor-widget-form\" data-id=\"127a4355\" data-element_type=\"widget\" data-e-type=\"widget\" data-settings=\"{&quot;step_next_label&quot;:&quot;Next&quot;,&quot;step_previous_label&quot;:&quot;Previous&quot;,&quot;button_width&quot;:&quot;100&quot;,&quot;step_type&quot;:&quot;number_text&quot;,&quot;step_icon_shape&quot;:&quot;circle&quot;}\" data-widget_type=\"form.default\">\n\t\t\t\t<div class=\"elementor-widget-container\">\n\t\t\t\t\t\t\t<form class=\"elementor-form\" method=\"post\" name=\"New Form\">\n\t\t\t<input type=\"hidden\" name=\"post_id\" value=\"180\"\/>\n\t\t\t<input type=\"hidden\" name=\"form_id\" value=\"127a4355\"\/>\n\t\t\t<input type=\"hidden\" name=\"referer_title\" value=\"Contact &amp; Devis - Mini Centrale Biomasse\" \/>\n\n\t\t\t\t\t\t\t<input type=\"hidden\" name=\"queried_id\" value=\"180\"\/>\n\t\t\t\n\t\t\t<div class=\"elementor-form-fields-wrapper elementor-labels-above\">\n\t\t\t\t\t\t\t\t<div class=\"elementor-field-type-text elementor-field-group elementor-column elementor-field-group-name elementor-col-50 elementor-field-required\">\n\t\t\t\t\t\t\t\t\t\t\t\t<label for=\"form-field-name\" class=\"elementor-field-label\">\n\t\t\t\t\t\t\t\tNom\t\t\t\t\t\t\t<\/label>\n\t\t\t\t\t\t\t\t\t\t\t\t\t\t<input size=\"1\" type=\"text\" name=\"form_fields[name]\" id=\"form-field-name\" class=\"elementor-field elementor-size-md  elementor-field-textual\" required=\"required\">\n\t\t\t\t\t\t\t\t\t\t\t<\/div>\n\t\t\t\t\t\t\t\t<div class=\"elementor-field-type-text elementor-field-group elementor-column elementor-field-group-field_e4d39ff elementor-col-50 elementor-field-required\">\n\t\t\t\t\t\t\t\t\t\t\t\t<label for=\"form-field-field_e4d39ff\" class=\"elementor-field-label\">\n\t\t\t\t\t\t\t\tt\u00e9l\u00e9phone\t\t\t\t\t\t\t<\/label>\n\t\t\t\t\t\t\t\t\t\t\t\t\t\t<input size=\"1\" type=\"text\" name=\"form_fields[field_e4d39ff]\" id=\"form-field-field_e4d39ff\" class=\"elementor-field elementor-size-md  elementor-field-textual\" required=\"required\">\n\t\t\t\t\t\t\t\t\t\t\t<\/div>\n\t\t\t\t\t\t\t\t<div class=\"elementor-field-type-email elementor-field-group elementor-column elementor-field-group-email elementor-col-100 elementor-field-required\">\n\t\t\t\t\t\t\t\t\t\t\t\t<label for=\"form-field-email\" class=\"elementor-field-label\">\n\t\t\t\t\t\t\t\tEmail\t\t\t\t\t\t\t<\/label>\n\t\t\t\t\t\t\t\t\t\t\t\t\t\t<input size=\"1\" type=\"email\" name=\"form_fields[email]\" id=\"form-field-email\" class=\"elementor-field elementor-size-md  elementor-field-textual\" placeholder=\"Email\" required=\"required\">\n\t\t\t\t\t\t\t\t\t\t\t<\/div>\n\t\t\t\t\t\t\t\t<div class=\"elementor-field-type-textarea elementor-field-group elementor-column elementor-field-group-message elementor-col-100 elementor-field-required\">\n\t\t\t\t\t\t\t\t\t\t\t\t<label for=\"form-field-message\" class=\"elementor-field-label\">\n\t\t\t\t\t\t\t\tMessage\t\t\t\t\t\t\t<\/label>\n\t\t\t\t\t\t<textarea class=\"elementor-field-textual elementor-field  elementor-size-md\" name=\"form_fields[message]\" id=\"form-field-message\" rows=\"4\" placeholder=\"Message\" required=\"required\"><\/textarea>\t\t\t\t<\/div>\n\t\t\t\t\t\t\t\t<div class=\"elementor-field-group elementor-column elementor-field-type-submit elementor-col-100 e-form__buttons\">\n\t\t\t\t\t<button class=\"elementor-button elementor-size-md\" type=\"submit\">\n\t\t\t\t\t\t<span class=\"elementor-button-content-wrapper\">\n\t\t\t\t\t\t\t\t\t\t\t\t\t\t\t\t\t\t\t\t\t\t<span class=\"elementor-button-text\">Envoyer<\/span>\n\t\t\t\t\t\t\t\t\t\t\t\t\t<\/span>\n\t\t\t\t\t<\/button>\n\t\t\t\t<\/div>\n\t\t\t<\/div>\n\t\t<\/form>\n\t\t\t\t\t\t<\/div>\n\t\t\t\t<\/div>\n\t\t\t\t<\/div>\n\t\t\t\t\t<\/div>\n\t\t\t\t<\/div>\n\t\t\t\t<\/div>\n\t\t","protected":false},"excerpt":{"rendered":"<p>Discutons de votre projet de mini centrale biomasse Vous avez un projet, une question ou souhaitez obtenir un devis personnalis\u00e9 ? Notre \u00e9quipe est \u00e0 votre \u00e9coute pour vous accompagner dans chaque \u00e9tape : \u00e9tude de faisabilit\u00e9, financement, installation, optimisation. Adresse 229 rue Saint-Honor\u00e9 75001 Paris France Email contact@minicentralebiomasse.eu Contactez-nous Notre formulaire de contact est [&hellip;]<\/p>\n","protected":false},"author":1,"featured_media":0,"parent":0,"menu_order":0,"comment_status":"closed","ping_status":"closed","template":"","meta":{"footnotes":""},"class_list":["post-180","page","type-page","status-publish","hentry"],"yoast_head":"<!-- This site is optimized with the Yoast SEO plugin v27.5 - https:\/\/yoast.com\/product\/yoast-seo-wordpress\/ -->\n<title>Contact &amp; Devis - Mini Centrale Biomasse<\/title>\n<meta name=\"robots\" content=\"index, follow, max-snippet:-1, max-image-preview:large, max-video-preview:-1\" \/>\n<link rel=\"canonical\" href=\"https:\/\/minicentralebiomasse.eu\/nl\/offerte-contact\/\" \/>\n<meta property=\"og:locale\" content=\"nl_NL\" \/>\n<meta property=\"og:type\" content=\"article\" \/>\n<meta property=\"og:title\" content=\"Contact &amp; Devis - Mini Centrale Biomasse\" \/>\n<meta property=\"og:description\" content=\"Discutons de votre projet de mini centrale biomasse Vous avez un projet, une question ou souhaitez obtenir un devis personnalis\u00e9 ? Notre \u00e9quipe est \u00e0 votre \u00e9coute pour vous accompagner dans chaque \u00e9tape : \u00e9tude de faisabilit\u00e9, financement, installation, optimisation. Adresse 229 rue Saint-Honor\u00e9 75001 Paris France Email contact@minicentralebiomasse.eu Contactez-nous Notre formulaire de contact est [&hellip;]\" \/>\n<meta property=\"og:url\" content=\"https:\/\/minicentralebiomasse.eu\/nl\/offerte-contact\/\" \/>\n<meta property=\"og:site_name\" content=\"Mini Centrale Biomasse\" \/>\n<meta property=\"article:modified_time\" content=\"2025-06-01T09:53:39+00:00\" \/>\n<meta name=\"twitter:card\" content=\"summary_large_image\" \/>\n<meta name=\"twitter:label1\" content=\"Geschatte leestijd\" \/>\n\t<meta name=\"twitter:data1\" content=\"1 minuut\" \/>\n<script type=\"application\/ld+json\" class=\"yoast-schema-graph\">{\"@context\":\"https:\\\/\\\/schema.org\",\"@graph\":[{\"@type\":\"WebPage\",\"@id\":\"https:\\\/\\\/minicentralebiomasse.eu\\\/contact-devis\\\/\",\"url\":\"https:\\\/\\\/minicentralebiomasse.eu\\\/contact-devis\\\/\",\"name\":\"Contact &amp; Devis - Mini Centrale Biomasse\",\"isPartOf\":{\"@id\":\"https:\\\/\\\/minicentralebiomasse.eu\\\/#website\"},\"datePublished\":\"2025-05-31T13:44:42+00:00\",\"dateModified\":\"2025-06-01T09:53:39+00:00\",\"breadcrumb\":{\"@id\":\"https:\\\/\\\/minicentralebiomasse.eu\\\/contact-devis\\\/#breadcrumb\"},\"inLanguage\":\"nl-NL\",\"potentialAction\":[{\"@type\":\"ReadAction\",\"target\":[\"https:\\\/\\\/minicentralebiomasse.eu\\\/contact-devis\\\/\"]}]},{\"@type\":\"BreadcrumbList\",\"@id\":\"https:\\\/\\\/minicentralebiomasse.eu\\\/contact-devis\\\/#breadcrumb\",\"itemListElement\":[{\"@type\":\"ListItem\",\"position\":1,\"name\":\"Accueil\",\"item\":\"https:\\\/\\\/minicentralebiomasse.eu\\\/\"},{\"@type\":\"ListItem\",\"position\":2,\"name\":\"Contact &amp; Devis\"}]},{\"@type\":\"WebSite\",\"@id\":\"https:\\\/\\\/minicentralebiomasse.eu\\\/#website\",\"url\":\"https:\\\/\\\/minicentralebiomasse.eu\\\/\",\"name\":\"Mini Centrale Biomasse\",\"description\":\"Concepteur de Petite Centrale d&#039;&eacute;lectricit&eacute; biomasse\",\"publisher\":{\"@id\":\"https:\\\/\\\/minicentralebiomasse.eu\\\/#organization\"},\"potentialAction\":[{\"@type\":\"SearchAction\",\"target\":{\"@type\":\"EntryPoint\",\"urlTemplate\":\"https:\\\/\\\/minicentralebiomasse.eu\\\/?s={search_term_string}\"},\"query-input\":{\"@type\":\"PropertyValueSpecification\",\"valueRequired\":true,\"valueName\":\"search_term_string\"}}],\"inLanguage\":\"nl-NL\"},{\"@type\":\"Organization\",\"@id\":\"https:\\\/\\\/minicentralebiomasse.eu\\\/#organization\",\"name\":\"Mini Centrale Biomasse\",\"url\":\"https:\\\/\\\/minicentralebiomasse.eu\\\/\",\"logo\":{\"@type\":\"ImageObject\",\"inLanguage\":\"nl-NL\",\"@id\":\"https:\\\/\\\/minicentralebiomasse.eu\\\/#\\\/schema\\\/logo\\\/image\\\/\",\"url\":\"https:\\\/\\\/minicentralebiomasse.eu\\\/wp-content\\\/uploads\\\/2025\\\/05\\\/logo-mini-centrale-biomasse.webp\",\"contentUrl\":\"https:\\\/\\\/minicentralebiomasse.eu\\\/wp-content\\\/uploads\\\/2025\\\/05\\\/logo-mini-centrale-biomasse.webp\",\"width\":736,\"height\":339,\"caption\":\"Mini Centrale Biomasse\"},\"image\":{\"@id\":\"https:\\\/\\\/minicentralebiomasse.eu\\\/#\\\/schema\\\/logo\\\/image\\\/\"}}]}<\/script>\n<!-- \/ Yoast SEO plugin. -->","yoast_head_json":{"title":"Contact &amp; Offerte - Mini Biomassa Energiecentrale","robots":{"index":"index","follow":"follow","max-snippet":"max-snippet:-1","max-image-preview":"max-image-preview:large","max-video-preview":"max-video-preview:-1"},"canonical":"https:\/\/minicentralebiomasse.eu\/nl\/offerte-contact\/","og_locale":"nl_NL","og_type":"article","og_title":"Contact &amp; Devis - Mini Centrale Biomasse","og_description":"Discutons de votre projet de mini centrale biomasse Vous avez un projet, une question ou souhaitez obtenir un devis personnalis\u00e9 ? Notre \u00e9quipe est \u00e0 votre \u00e9coute pour vous accompagner dans chaque \u00e9tape : \u00e9tude de faisabilit\u00e9, financement, installation, optimisation. Adresse 229 rue Saint-Honor\u00e9 75001 Paris France Email contact@minicentralebiomasse.eu Contactez-nous Notre formulaire de contact est [&hellip;]","og_url":"https:\/\/minicentralebiomasse.eu\/nl\/offerte-contact\/","og_site_name":"Mini Centrale Biomasse","article_modified_time":"2025-06-01T09:53:39+00:00","twitter_card":"summary_large_image","twitter_misc":{"Geschatte leestijd":"1 minuut"},"schema":{"@context":"https:\/\/schema.org","@graph":[{"@type":"WebPage","@id":"https:\/\/minicentralebiomasse.eu\/contact-devis\/","url":"https:\/\/minicentralebiomasse.eu\/contact-devis\/","name":"Contact &amp; Offerte - Mini Biomassa Energiecentrale","isPartOf":{"@id":"https:\/\/minicentralebiomasse.eu\/#website"},"datePublished":"2025-05-31T13:44:42+00:00","dateModified":"2025-06-01T09:53:39+00:00","breadcrumb":{"@id":"https:\/\/minicentralebiomasse.eu\/contact-devis\/#breadcrumb"},"inLanguage":"nl-NL","potentialAction":[{"@type":"ReadAction","target":["https:\/\/minicentralebiomasse.eu\/contact-devis\/"]}]},{"@type":"BreadcrumbList","@id":"https:\/\/minicentralebiomasse.eu\/contact-devis\/#breadcrumb","itemListElement":[{"@type":"ListItem","position":1,"name":"Accueil","item":"https:\/\/minicentralebiomasse.eu\/"},{"@type":"ListItem","position":2,"name":"Contact &amp; Devis"}]},{"@type":"WebSite","@id":"https:\/\/minicentralebiomasse.eu\/#website","url":"https:\/\/minicentralebiomasse.eu\/","name":"Mini Biomassa Energiecentrale","description":"Ontwerper van kleine biomassa energiecentrale","publisher":{"@id":"https:\/\/minicentralebiomasse.eu\/#organization"},"potentialAction":[{"@type":"SearchAction","target":{"@type":"EntryPoint","urlTemplate":"https:\/\/minicentralebiomasse.eu\/?s={search_term_string}"},"query-input":{"@type":"PropertyValueSpecification","valueRequired":true,"valueName":"search_term_string"}}],"inLanguage":"nl-NL"},{"@type":"Organization","@id":"https:\/\/minicentralebiomasse.eu\/#organization","name":"Mini Biomassa Energiecentrale","url":"https:\/\/minicentralebiomasse.eu\/","logo":{"@type":"ImageObject","inLanguage":"nl-NL","@id":"https:\/\/minicentralebiomasse.eu\/#\/schema\/logo\/image\/","url":"https:\/\/minicentralebiomasse.eu\/wp-content\/uploads\/2025\/05\/logo-mini-centrale-biomasse.webp","contentUrl":"https:\/\/minicentralebiomasse.eu\/wp-content\/uploads\/2025\/05\/logo-mini-centrale-biomasse.webp","width":736,"height":339,"caption":"Mini Centrale Biomasse"},"image":{"@id":"https:\/\/minicentralebiomasse.eu\/#\/schema\/logo\/image\/"}}]}},"_links":{"self":[{"href":"https:\/\/minicentralebiomasse.eu\/nl\/wp-json\/wp\/v2\/pages\/180","targetHints":{"allow":["GET"]}}],"collection":[{"href":"https:\/\/minicentralebiomasse.eu\/nl\/wp-json\/wp\/v2\/pages"}],"about":[{"href":"https:\/\/minicentralebiomasse.eu\/nl\/wp-json\/wp\/v2\/types\/page"}],"author":[{"embeddable":true,"href":"https:\/\/minicentralebiomasse.eu\/nl\/wp-json\/wp\/v2\/users\/1"}],"replies":[{"embeddable":true,"href":"https:\/\/minicentralebiomasse.eu\/nl\/wp-json\/wp\/v2\/comments?post=180"}],"version-history":[{"count":16,"href":"https:\/\/minicentralebiomasse.eu\/nl\/wp-json\/wp\/v2\/pages\/180\/revisions"}],"predecessor-version":[{"id":344,"href":"https:\/\/minicentralebiomasse.eu\/nl\/wp-json\/wp\/v2\/pages\/180\/revisions\/344"}],"wp:attachment":[{"href":"https:\/\/minicentralebiomasse.eu\/nl\/wp-json\/wp\/v2\/media?parent=180"}],"curies":[{"name":"wp","href":"https:\/\/api.w.org\/{rel}","templated":true}]}}